{"id":1611,"date":"2024-01-25T16:39:34","date_gmt":"2024-01-25T15:39:34","guid":{"rendered":"https:\/\/tecumarquitectura.com\/accessibility\/"},"modified":"2024-02-15T19:36:53","modified_gmt":"2024-02-15T18:36:53","slug":"accessibility","status":"publish","type":"page","link":"https:\/\/tecumarquitectura.com\/en\/accessibility\/","title":{"rendered":"Accessibility"},"content":{"rendered":"\t\t<div data-elementor-type=\"wp-page\" data-elementor-id=\"1611\" class=\"elementor elementor-1611 elementor-1083\" data-elementor-post-type=\"page\">\n\t\t\t\t<div class=\"elementor-element elementor-element-8de400e e-flex e-con-boxed e-con e-parent\" data-id=\"8de400e\" data-element_type=\"container\" data-e-type=\"container\">\n\t\t\t\t\t<div class=\"e-con-inner\">\n\t\t\t\t<div class=\"elementor-element elementor-element-3100556 elementor-widget elementor-widget-heading\" data-id=\"3100556\" data-element_type=\"widget\" data-e-type=\"widget\" data-widget_type=\"heading.default\">\n\t\t\t\t<div class=\"elementor-widget-container\">\n\t\t\t\t\t<h1 class=\"elementor-heading-title elementor-size-default\">Accessibility<\/h1>\t\t\t\t<\/div>\n\t\t\t\t<\/div>\n\t\t\t\t<div class=\"elementor-element elementor-element-926e7a5 elementor-widget elementor-widget-text-editor\" data-id=\"926e7a5\" data-element_type=\"widget\" data-e-type=\"widget\" data-widget_type=\"text-editor.default\">\n\t\t\t\t<div class=\"elementor-widget-container\">\n\t\t\t\t\t\t\t\t\t<p><strong>TECUM Arquitectura<\/strong> que depende\u00a0<strong>TECUM ARQUITECTURA, SL<\/strong> se ha comprometido a hacer accesible su sitio web, de conformidad con el <a href=\"http:\/\/www.boe.es\/diario_boe\/txt.php?id=BOE-A-2018-12699\" target=\"_blank\" rel=\"noopener\">Real Decreto 1112\/2018, de 7 de septiembre, sobre accesibilidad de los sitios web y aplicaciones para dispositivos m\u00f3viles del sector p\u00fablico<\/a>.<\/p><p>La presente declaraci\u00f3n de accesibilidad se aplica al sitio web <a href=\"https:\/\/tecumarquitectura.com\/en\/\">https:\/\/tecumarquitectura.com\/<\/a><b><\/b><\/p><h3>SITUACI\u00d3N DE CUMPLIMIENTO<\/h3><p>Este sitio web es parcialmente conforme con el <a href=\"http:\/\/www.boe.es\/diario_boe\/txt.php?id=BOE-A-2018-12699\" target=\"_blank\" rel=\"noopener\">RD 1112\/2018<\/a> debido a las excepciones y a la falta de conformidad de los aspectos que se indican en el siguiente punto.<\/p><h3>CONTENIDO NO ACCESIBLE<\/h3><p>El contenido que se recoge a continuaci\u00f3n no es accesible por lo siguiente:<\/p><ul><li><strong>Falta de conformidad con el RD 1112\/2018<\/strong><\/li><\/ul><p>Existe contenido audiovisual que no incluye audio descripci\u00f3n o medio alternativo [Requisito n\u00famero 1.2.3 Audiodescripci\u00f3n o medio alternativo] y audiodescripcion grabada [Requisito 1.2.5 Audiodescripci\u00f3n (Grabado)].<\/p><p>Podr\u00edan existir errores de c\u00f3digo puntuales de edici\u00f3n en alguna p\u00e1gina web. [4 .1.1 Procesamiento]<\/p><p>Podr\u00edan existir algunos componentes de la interfaz de usuario que no se encuentren etiquetados correctamente. [4.1.2 Nombre, funci\u00f3n, valor]<\/p><ul><li><strong>Carga desproporcionada<\/strong><\/li><\/ul><p>No aplica.<\/p><ul><li><strong>El contenido no entra dentro del \u00e1mbito de la legislaci\u00f3n aplicable<\/strong><\/li><\/ul><p>Podr\u00edan existir archivos ofim\u00e1ticos en PDF u otros formatos publicados antes del 20 de septiembre de 2018 que no cumplan en su totalidad todos los requisitos de accesibilidad. Aunque se ha procurado que la mayor\u00eda de ellos s\u00ed lo cumplan.<\/p><h3>PREPARACI\u00d3N DE LA PRESENTE DECLARACI\u00d3N DE ACCESIBILIDAD<\/h3><p>La presente declaraci\u00f3n fue preparada el 8 Febrero 2024.<\/p><p>El m\u00e9todo empleado para preparar la declaraci\u00f3n ha sido una autoevaluaci\u00f3n llevada a cabo por el propio organismo.<\/p><h3>OBSERVACIONES Y DATOS DE CONTACTO<\/h3><p>Puede realizar comunicaciones sobre requisitos de accesibilidad (art\u00edculo 10.2.a del RD 1112\/2018) como por ejemplo:<\/p><ul><li>informar sobre cualquier posible incumplimiento por parte de este sitio web<\/li><li>transmitir otras dificultades de acceso al contenido<\/li><li>formular cualquier otra consulta o sugerencia de mejora relativa a la accesibilidad del sitio web<\/li><\/ul><p>a trav\u00e9s de nuestros correos electr\u00f3nicos (<a href=\"https:\/\/tecumarquitectura.com\/en\/contact\/\">datos de contacto<\/a>).<\/p><p>Puede presentar:<\/p><ul><li><strong>Queja <\/strong>relativa al cumplimiento de los requisitos del RD 1112\/2018 o<\/li><li><strong>Solicitud de Informaci\u00f3n accesible<\/strong> relativa a: Contenidos que est\u00e1n excluidos del \u00e1mbito de aplicaci\u00f3n del RD 1112\/2018 seg\u00fan lo establecido por el art\u00edculo 3, apartado 4.Contenidos que est\u00e1n exentos del cumplimiento de los requisitos de accesibilidad por imponer una carga desproporcionada.<\/li><\/ul><p>En la Solicitud de informaci\u00f3n accesible, se debe concretar, con toda claridad, los hechos, razones y petici\u00f3n que permitan constatar que se trata de una solicitud razonable y leg\u00edtima.<\/p><p>Las quejas y reclamaciones sobre informaci\u00f3n accesible se realizar\u00e1n a trav\u00e9s de nuestros correos electr\u00f3nicos, y ser\u00e1n recibidas y tratadas por el \u00e1rea de Sistemas de la Informaci\u00f3n de TECUM Arquitectura.<\/p><h3>PROCEDIMIENTO DE APLICACI\u00d3N<\/h3><p>Si una vez realizada una solicitud de informaci\u00f3n accesible o queja, \u00e9sta hubiera sido desestimada, no se estuviera de acuerdo con la decisi\u00f3n adoptada, o la respuesta no cumpliera los requisitos contemplados en el art\u00edculo 12.5, la persona interesada podr\u00e1 iniciar una reclamaci\u00f3n. Igualmente se podr\u00e1 iniciar una reclamaci\u00f3n en el caso de que haya transcurrido el plazo de veinte d\u00edas h\u00e1biles sin haber obtenido respuesta.<\/p><p>La reclamaci\u00f3n puede ser presentada trav\u00e9s de la Instancia Gen\u00e9rica de la Sede electr\u00f3nica del Ministerio de Asuntos Econ\u00f3micos y Transformaci\u00f3n Digital , as\u00ed como en el resto de opciones recogidas en la Ley 39\/ 2015, de 1 de octubre, del Procedimiento Administrativo Com\u00fan de las Administraciones P\u00fablicas. Las reclamaciones ser\u00e1n recibidas y tratadas por la Subdirecci\u00f3n General de Inspecci\u00f3n de Servicios del Ministerio.<\/p><h3>CONTENIDO OPCIONAL<\/h3><p>Este portal est\u00e1 dise\u00f1ado para poder cambiar el tama\u00f1o del texto y el color, as\u00ed como el fondo de la p\u00e1gina mediante las opciones de configuraci\u00f3n est\u00e1ndar de los navegadores.<\/p><p>Si desea cambiar el tama\u00f1o de letra del texto en los principales navegadores gr\u00e1ficos utilice los siguientes men\u00fas:<\/p><ul><li>Internet Explorer, Mozilla y Firefox: Ver &gt; Tama\u00f1o del texto<\/li><li>Opera: Ver &gt; Zoom<\/li><li>Safari: Ver &gt; Hacer el texto m\u00e1s grande<\/li><li>Chrome: Controla la p\u00e1gina actual &gt; Tama\u00f1o del texto<\/li><li>Para modificar el tama\u00f1o de todo en la p\u00e1gina:<ul><li>Ctrl + + para aumentarlo<\/li><li>Ctrl + \u2013 para disminuirlo<\/li><li>Ctrl + 0 restaura el tama\u00f1o original del texto<\/li><li>Si lo que quiere es anular la hoja de estilos o modificar el color del texto, puede consultar la p\u00e1gina <span lang=\"en\">How to Change Text Size or Colors<\/span> de la WAI, que se puede leer traducida al espa\u00f1ol en \u00bfC\u00f3mo cambiar el tama\u00f1o del texto o colores?<\/li><\/ul><\/li><\/ul>\t\t\t\t\t\t\t\t<\/div>\n\t\t\t\t<\/div>\n\t\t\t\t\t<\/div>\n\t\t\t\t<\/div>\n\t\t\t\t<\/div>\n\t\t","protected":false},"excerpt":{"rendered":"<p>TECUM Arquitectura que depende\u00a0TECUM ARQUITECTURA, SL se ha comprometido a hacer accesible su sitio web, de conformidad con el Real Decreto 1112\/2018, de 7 de septiembre, sobre accesibilidad de los sitios web y aplicaciones para dispositivos m\u00f3viles del sector p\u00fablico. La presente declaraci\u00f3n de accesibilidad se aplica al sitio web https:\/\/tecumarquitectura.com\/ SITUACI\u00d3N DE CUMPLIMIENTO Este [&hellip;]<\/p>\n","protected":false},"author":1,"featured_media":0,"parent":0,"menu_order":99,"comment_status":"closed","ping_status":"closed","template":"","meta":{"footnotes":""},"class_list":["post-1611","page","type-page","status-publish","hentry"],"yoast_head":"<!-- This site is optimized with the Yoast SEO plugin v27.1.1 - https:\/\/yoast.com\/product\/yoast-seo-wordpress\/ -->\n<title>Accessibility - TECUM Arquitectura<\/title>\n<meta name=\"robots\" content=\"index, follow, max-snippet:-1, max-image-preview:large, max-video-preview:-1\" \/>\n<link rel=\"canonical\" href=\"https:\/\/tecumarquitectura.com\/en\/accessibility\/\" \/>\n<meta property=\"og:locale\" content=\"en_US\" \/>\n<meta property=\"og:type\" content=\"article\" \/>\n<meta property=\"og:title\" content=\"Accessibility - TECUM Arquitectura\" \/>\n<meta property=\"og:description\" content=\"TECUM Arquitectura que depende\u00a0TECUM ARQUITECTURA, SL se ha comprometido a hacer accesible su sitio web, de conformidad con el Real Decreto 1112\/2018, de 7 de septiembre, sobre accesibilidad de los sitios web y aplicaciones para dispositivos m\u00f3viles del sector p\u00fablico. La presente declaraci\u00f3n de accesibilidad se aplica al sitio web https:\/\/tecumarquitectura.com\/ SITUACI\u00d3N DE CUMPLIMIENTO Este [&hellip;]\" \/>\n<meta property=\"og:url\" content=\"https:\/\/tecumarquitectura.com\/en\/accessibility\/\" \/>\n<meta property=\"og:site_name\" content=\"TECUM Arquitectura\" \/>\n<meta property=\"article:modified_time\" content=\"2024-02-15T18:36:53+00:00\" \/>\n<meta name=\"twitter:card\" content=\"summary_large_image\" \/>\n<meta name=\"twitter:label1\" content=\"Est. reading time\" \/>\n\t<meta name=\"twitter:data1\" content=\"4 minutes\" \/>\n<script type=\"application\/ld+json\" class=\"yoast-schema-graph\">{\"@context\":\"https:\/\/schema.org\",\"@graph\":[{\"@type\":\"WebPage\",\"@id\":\"https:\/\/tecumarquitectura.com\/en\/accessibility\/\",\"url\":\"https:\/\/tecumarquitectura.com\/en\/accessibility\/\",\"name\":\"Accessibility - TECUM Arquitectura\",\"isPartOf\":{\"@id\":\"https:\/\/tecumarquitectura.com\/en\/#website\"},\"datePublished\":\"2024-01-25T15:39:34+00:00\",\"dateModified\":\"2024-02-15T18:36:53+00:00\",\"breadcrumb\":{\"@id\":\"https:\/\/tecumarquitectura.com\/en\/accessibility\/#breadcrumb\"},\"inLanguage\":\"en-US\",\"potentialAction\":[{\"@type\":\"ReadAction\",\"target\":[\"https:\/\/tecumarquitectura.com\/en\/accessibility\/\"]}]},{\"@type\":\"BreadcrumbList\",\"@id\":\"https:\/\/tecumarquitectura.com\/en\/accessibility\/#breadcrumb\",\"itemListElement\":[{\"@type\":\"ListItem\",\"position\":1,\"name\":\"Portada\",\"item\":\"https:\/\/tecumarquitectura.com\/en\/\"},{\"@type\":\"ListItem\",\"position\":2,\"name\":\"Accessibility\"}]},{\"@type\":\"WebSite\",\"@id\":\"https:\/\/tecumarquitectura.com\/en\/#website\",\"url\":\"https:\/\/tecumarquitectura.com\/en\/\",\"name\":\"TECUM Arquitectura\",\"description\":\"\",\"publisher\":{\"@id\":\"https:\/\/tecumarquitectura.com\/en\/#organization\"},\"potentialAction\":[{\"@type\":\"SearchAction\",\"target\":{\"@type\":\"EntryPoint\",\"urlTemplate\":\"https:\/\/tecumarquitectura.com\/en\/?s={search_term_string}\"},\"query-input\":{\"@type\":\"PropertyValueSpecification\",\"valueRequired\":true,\"valueName\":\"search_term_string\"}}],\"inLanguage\":\"en-US\"},{\"@type\":\"Organization\",\"@id\":\"https:\/\/tecumarquitectura.com\/en\/#organization\",\"name\":\"TECUM Arquitectura\",\"url\":\"https:\/\/tecumarquitectura.com\/en\/\",\"logo\":{\"@type\":\"ImageObject\",\"inLanguage\":\"en-US\",\"@id\":\"https:\/\/tecumarquitectura.com\/en\/#\/schema\/logo\/image\/\",\"url\":\"https:\/\/tecumarquitectura.com\/wp-content\/uploads\/2024\/01\/tecum-estudio-arquitectura-inicio-logo-blanco.svg\",\"contentUrl\":\"https:\/\/tecumarquitectura.com\/wp-content\/uploads\/2024\/01\/tecum-estudio-arquitectura-inicio-logo-blanco.svg\",\"width\":135,\"height\":84,\"caption\":\"TECUM Arquitectura\"},\"image\":{\"@id\":\"https:\/\/tecumarquitectura.com\/en\/#\/schema\/logo\/image\/\"}}]}<\/script>\n<!-- \/ Yoast SEO plugin. -->","yoast_head_json":{"title":"Accessibility - TECUM Arquitectura","robots":{"index":"index","follow":"follow","max-snippet":"max-snippet:-1","max-image-preview":"max-image-preview:large","max-video-preview":"max-video-preview:-1"},"canonical":"https:\/\/tecumarquitectura.com\/en\/accessibility\/","og_locale":"en_US","og_type":"article","og_title":"Accessibility - TECUM Arquitectura","og_description":"TECUM Arquitectura que depende\u00a0TECUM ARQUITECTURA, SL se ha comprometido a hacer accesible su sitio web, de conformidad con el Real Decreto 1112\/2018, de 7 de septiembre, sobre accesibilidad de los sitios web y aplicaciones para dispositivos m\u00f3viles del sector p\u00fablico. La presente declaraci\u00f3n de accesibilidad se aplica al sitio web https:\/\/tecumarquitectura.com\/ SITUACI\u00d3N DE CUMPLIMIENTO Este [&hellip;]","og_url":"https:\/\/tecumarquitectura.com\/en\/accessibility\/","og_site_name":"TECUM Arquitectura","article_modified_time":"2024-02-15T18:36:53+00:00","twitter_card":"summary_large_image","twitter_misc":{"Est. reading time":"4 minutes"},"schema":{"@context":"https:\/\/schema.org","@graph":[{"@type":"WebPage","@id":"https:\/\/tecumarquitectura.com\/en\/accessibility\/","url":"https:\/\/tecumarquitectura.com\/en\/accessibility\/","name":"Accessibility - TECUM Arquitectura","isPartOf":{"@id":"https:\/\/tecumarquitectura.com\/en\/#website"},"datePublished":"2024-01-25T15:39:34+00:00","dateModified":"2024-02-15T18:36:53+00:00","breadcrumb":{"@id":"https:\/\/tecumarquitectura.com\/en\/accessibility\/#breadcrumb"},"inLanguage":"en-US","potentialAction":[{"@type":"ReadAction","target":["https:\/\/tecumarquitectura.com\/en\/accessibility\/"]}]},{"@type":"BreadcrumbList","@id":"https:\/\/tecumarquitectura.com\/en\/accessibility\/#breadcrumb","itemListElement":[{"@type":"ListItem","position":1,"name":"Portada","item":"https:\/\/tecumarquitectura.com\/en\/"},{"@type":"ListItem","position":2,"name":"Accessibility"}]},{"@type":"WebSite","@id":"https:\/\/tecumarquitectura.com\/en\/#website","url":"https:\/\/tecumarquitectura.com\/en\/","name":"TECUM Arquitectura","description":"","publisher":{"@id":"https:\/\/tecumarquitectura.com\/en\/#organization"},"potentialAction":[{"@type":"SearchAction","target":{"@type":"EntryPoint","urlTemplate":"https:\/\/tecumarquitectura.com\/en\/?s={search_term_string}"},"query-input":{"@type":"PropertyValueSpecification","valueRequired":true,"valueName":"search_term_string"}}],"inLanguage":"en-US"},{"@type":"Organization","@id":"https:\/\/tecumarquitectura.com\/en\/#organization","name":"TECUM Arquitectura","url":"https:\/\/tecumarquitectura.com\/en\/","logo":{"@type":"ImageObject","inLanguage":"en-US","@id":"https:\/\/tecumarquitectura.com\/en\/#\/schema\/logo\/image\/","url":"https:\/\/tecumarquitectura.com\/wp-content\/uploads\/2024\/01\/tecum-estudio-arquitectura-inicio-logo-blanco.svg","contentUrl":"https:\/\/tecumarquitectura.com\/wp-content\/uploads\/2024\/01\/tecum-estudio-arquitectura-inicio-logo-blanco.svg","width":135,"height":84,"caption":"TECUM Arquitectura"},"image":{"@id":"https:\/\/tecumarquitectura.com\/en\/#\/schema\/logo\/image\/"}}]}},"jetpack_sharing_enabled":true,"_links":{"self":[{"href":"https:\/\/tecumarquitectura.com\/en\/wp-json\/wp\/v2\/pages\/1611","targetHints":{"allow":["GET"]}}],"collection":[{"href":"https:\/\/tecumarquitectura.com\/en\/wp-json\/wp\/v2\/pages"}],"about":[{"href":"https:\/\/tecumarquitectura.com\/en\/wp-json\/wp\/v2\/types\/page"}],"author":[{"embeddable":true,"href":"https:\/\/tecumarquitectura.com\/en\/wp-json\/wp\/v2\/users\/1"}],"replies":[{"embeddable":true,"href":"https:\/\/tecumarquitectura.com\/en\/wp-json\/wp\/v2\/comments?post=1611"}],"version-history":[{"count":0,"href":"https:\/\/tecumarquitectura.com\/en\/wp-json\/wp\/v2\/pages\/1611\/revisions"}],"wp:attachment":[{"href":"https:\/\/tecumarquitectura.com\/en\/wp-json\/wp\/v2\/media?parent=1611"}],"curies":[{"name":"wp","href":"https:\/\/api.w.org\/{rel}","templated":true}]}}