{"id":1676,"date":"2024-01-25T16:39:55","date_gmt":"2024-01-25T15:39:55","guid":{"rendered":"https:\/\/tecumarquitectura.com\/politica-de-privacitat\/"},"modified":"2024-02-12T21:58:22","modified_gmt":"2024-02-12T20:58:22","slug":"politica-de-privacitat","status":"publish","type":"page","link":"https:\/\/tecumarquitectura.com\/val\/politica-de-privacitat\/","title":{"rendered":"Pol\u00edtica de privacitat"},"content":{"rendered":"\t\t<div data-elementor-type=\"wp-page\" data-elementor-id=\"1676\" class=\"elementor elementor-1676 elementor-1085\" data-elementor-post-type=\"page\">\n\t\t\t\t<div class=\"elementor-element elementor-element-19977b7 e-flex e-con-boxed e-con e-parent\" data-id=\"19977b7\" data-element_type=\"container\" data-e-type=\"container\">\n\t\t\t\t\t<div class=\"e-con-inner\">\n\t\t\t\t<div class=\"elementor-element elementor-element-0f41e5a elementor-widget elementor-widget-heading\" data-id=\"0f41e5a\" data-element_type=\"widget\" data-e-type=\"widget\" data-widget_type=\"heading.default\">\n\t\t\t\t<div class=\"elementor-widget-container\">\n\t\t\t\t\t<h1 class=\"elementor-heading-title elementor-size-default\">Pol\u00edtica de privacitat<\/h1>\t\t\t\t<\/div>\n\t\t\t\t<\/div>\n\t\t\t\t<div class=\"elementor-element elementor-element-4e9b7cb elementor-widget elementor-widget-text-editor\" data-id=\"4e9b7cb\" data-element_type=\"widget\" data-e-type=\"widget\" data-widget_type=\"text-editor.default\">\n\t\t\t\t<div class=\"elementor-widget-container\">\n\t\t\t\t\t\t\t\t\t<p><strong>1. INFORMACI\u00d3 PER A L\u2019USUARI<\/strong><\/p><p><strong>Qui \u00e9s el responsable del tractament de les teves dades personals?<\/strong><\/p><p><strong>TECUM ARQUITECTURA, SL <\/strong>\u00e9s el RESPONSABLE del tractament de les dades personals de l\u2019USUARI i l\u2019informa que aquestes dades es tractaran de conformitat amb el que estableix el Reglament (UE) 2016\/679, de 27 d\u2019abril (GDPR), i la Llei Org\u00e0nica 3\/2018, de 5 de desembre (LOPDGDD).<\/p><p><strong>\u00bfPer a qu\u00e8 tractem les teves dades personals i perqu\u00e8 ho fem?<\/strong><\/p><p>Segons el formulari on h\u00e0gim obtingut les vostres dades personals, les tractarem de manera confidencial per assolir les finalitats seg\u00fcents:<\/p><p>En el formulari <strong>Contacte<\/strong><\/p><ul><li>Donar resposta a les consultes o qualsevol tipus de petici\u00f3 que faci l&#8217;usuari a trav\u00e9s de qualsevol de les formes de contacte que es posen a la seva disposici\u00f3 a la p\u00e0gina web del responsable. (<em>per<\/em> <em>l&#8217;inter\u00e8s<\/em> <em>leg\u00edtim<\/em> <em>de<\/em> <em>l&#8217;responsable,<\/em> <em>art.<\/em> <em>6.1.f<\/em> <em>GDPR<\/em>)<\/li><li>Efectuar an\u00e0lisis estad\u00edstiques i estudis de mercat. (<em>per<\/em> <em>l&#8217;inter\u00e8s<\/em> <em>leg\u00edtim<\/em> <em>de<\/em> <em>l&#8217;responsable,<\/em> <em>art.<\/em> <em>6.1.f<\/em> <em>GDPR<\/em>)<\/li><\/ul><p><strong>Durant quant de temps guardarem les teves dades personals?<\/strong><\/p><p>Es conservaran durant no m\u00e9s temps del necessari per mantenir la finalitat del tractament o mentre hi hagi prescripcions legals que en dictaminin la cust\u00f2dia i quan ja no sigui necessari per aquest motiu, se suprimiran amb mesures de seguretat adequades per garantir que les dades siguin anonimitzades o totalment destru\u00efdes.<\/p><p><strong>A qui facilitem les vostres dades personals?<\/strong><\/p><p>No es preveu cap comunicaci\u00f3 de dades personals a tercers excepte si fos necessari per al desenvolupament i execuci\u00f3 de les finalitats del tractament, als nostres prove\u00efdors de serveis relacionats amb comunicacions, amb els quals el RESPONSABLE ha formalitzat els contractes de confidencialitat i d\u2019encarregat de tractament exigits per la normativa vigent de privacitat.<\/p><p><strong>Quins s\u00f3n teus drets?<\/strong><strong>\u00a0<\/strong><\/p><p>Els drets que t\u00e9 l\u2019USUARI s\u00f3n:<\/p><ul><li>Dret a retirar el consentiment en qualsevol moment.<\/li><li>Dret d\u2019acc\u00e9s, rectificaci\u00f3, portabilitat i supressi\u00f3 de les vostres dades i de limitaci\u00f3 o oposici\u00f3 al seu tractament.<\/li><li>Dret a presentar una reclamaci\u00f3 davant l\u2019autoritat de control (www.aepd.es) si considera que el tractament no s\u2019ajusta a la normativa vigent.<\/li><\/ul><p><strong>Dades de contacte per exercir els seus drets<\/strong>:<\/p><p>TECUM ARQUITECTURA, SL. C\/ SALVADOR, 3 &#8211; 2 A, &#8211; 46003 VALENCIA (Val\u00e8ncia). E-mail: info@tecumarquitectura.com<\/p><p><strong>2.\u00a0 CAR\u00c0CTER OBLIGATORI O FACULTATIU DE LA INFORMACI\u00d3 FACILITADA PER L\u2019USUARI<\/strong><\/p><p>Els USUARIS, per mitj\u00e0 de les caselles corresponents i la introducci\u00f3 de dades en els camps, marcats amb l\u2019asterisc (*) en el formulari de contacte o presentats en formularis de desc\u00e0rrega, accepten expressament i de manera lliure i inequ\u00edvoca, que les seves dades s\u00f3n necess\u00e0ries per atendre la seva petici\u00f3, per part del prestador, i que per tant la inclusi\u00f3 de les dades en els camps restants \u00e9s volunt\u00e0ria. L\u2019USUARI garanteix que les dades personals facilitades al RESPONSABLE s\u00f3n ver\u00eddiques i es fa responsable de comunicar-ne qualsevol modificaci\u00f3.<\/p><p>El RESPONSABLE informa que totes les dades sol\u00b7licitades a trav\u00e9s del lloc web s\u00f3n obligat\u00f2ries, ja que s\u00f3n necess\u00e0ries per a la prestaci\u00f3 d\u2019un servei \u00f2ptim a l\u2019USUARI. En cas que no es facilitin totes les dades, no es garanteix que la informaci\u00f3 i serveis facilitats s\u2019ajustin completament a les seves necessitats.<\/p><p><strong>3.\u00a0 MESURES DE SEGURETAT<\/strong><\/p><p>Que, de conformitat amb el que estableixen les normatives vigents en protecci\u00f3 de dades personals, el RESPONSABLE est\u00e0 complint amb totes les disposicions de les normatives GDPR i LOPDGDD per al tractament de les dades personals de la seva responsabilitat, i manifestament amb els principis descrits a l\u2019article 5 del GDPR, pels quals es tracten de manera l\u00edcita, lleial i transparent en relaci\u00f3 amb l\u2019interessat i adequades, pertinents i limitades al que \u00e9s necessari en relaci\u00f3 amb les finalitats per a les quals es tracten.<\/p><p>El RESPONSABLE garanteix que ha implementat pol\u00edtiques t\u00e8cniques i organitzatives apropiades per aplicar les mesures de seguretat que estableixen el GDPR i la LOPDGDD, amb la finalitat de protegir els drets i llibertats dels USUARIS i els ha comunicat la informaci\u00f3 adequada perqu\u00e8 puguin exercir-los.<\/p><p>Per a m\u00e9s informaci\u00f3 sobre les garanties de privacitat, pots adre\u00e7ar-te al RESPONSABLEa trav\u00e9s de TECUM ARQUITECTURA, SL. C\/ SALVADOR, 3 &#8211; 2 A, &#8211; 46003 VALENCIA (Val\u00e8ncia). E-mail: info@tecumarquitectura.com<\/p><p>Revisat: Febrer 2024<\/p>\t\t\t\t\t\t\t\t<\/div>\n\t\t\t\t<\/div>\n\t\t\t\t\t<\/div>\n\t\t\t\t<\/div>\n\t\t\t\t<\/div>\n\t\t","protected":false},"excerpt":{"rendered":"<p>1. INFORMACI\u00d3 PER A L\u2019USUARI Qui \u00e9s el responsable del tractament de les teves dades personals? TECUM ARQUITECTURA, SL \u00e9s el RESPONSABLE del tractament de les dades personals de l\u2019USUARI i l\u2019informa que aquestes dades es tractaran de conformitat amb el que estableix el Reglament (UE) 2016\/679, de 27 d\u2019abril (GDPR), i la Llei Org\u00e0nica [&hellip;]<\/p>\n","protected":false},"author":1,"featured_media":0,"parent":0,"menu_order":99,"comment_status":"closed","ping_status":"closed","template":"","meta":{"footnotes":""},"class_list":["post-1676","page","type-page","status-publish","hentry"],"yoast_head":"<!-- This site is optimized with the Yoast SEO plugin v27.1.1 - https:\/\/yoast.com\/product\/yoast-seo-wordpress\/ -->\n<title>Pol\u00edtica de privacitat - TECUM Arquitectura<\/title>\n<meta name=\"robots\" content=\"index, follow, max-snippet:-1, max-image-preview:large, max-video-preview:-1\" \/>\n<link rel=\"canonical\" href=\"https:\/\/tecumarquitectura.com\/val\/politica-de-privacitat\/\" \/>\n<meta property=\"og:locale\" content=\"en_US\" \/>\n<meta property=\"og:type\" content=\"article\" \/>\n<meta property=\"og:title\" content=\"Pol\u00edtica de privacitat - TECUM Arquitectura\" \/>\n<meta property=\"og:description\" content=\"1. INFORMACI\u00d3 PER A L\u2019USUARI Qui \u00e9s el responsable del tractament de les teves dades personals? TECUM ARQUITECTURA, SL \u00e9s el RESPONSABLE del tractament de les dades personals de l\u2019USUARI i l\u2019informa que aquestes dades es tractaran de conformitat amb el que estableix el Reglament (UE) 2016\/679, de 27 d\u2019abril (GDPR), i la Llei Org\u00e0nica [&hellip;]\" \/>\n<meta property=\"og:url\" content=\"https:\/\/tecumarquitectura.com\/val\/politica-de-privacitat\/\" \/>\n<meta property=\"og:site_name\" content=\"TECUM Arquitectura\" \/>\n<meta property=\"article:modified_time\" content=\"2024-02-12T20:58:22+00:00\" \/>\n<meta name=\"twitter:card\" content=\"summary_large_image\" \/>\n<meta name=\"twitter:label1\" content=\"Est. reading time\" \/>\n\t<meta name=\"twitter:data1\" content=\"4 minutes\" \/>\n<script type=\"application\/ld+json\" class=\"yoast-schema-graph\">{\"@context\":\"https:\/\/schema.org\",\"@graph\":[{\"@type\":\"WebPage\",\"@id\":\"https:\/\/tecumarquitectura.com\/val\/politica-de-privacitat\/\",\"url\":\"https:\/\/tecumarquitectura.com\/val\/politica-de-privacitat\/\",\"name\":\"Pol\u00edtica de privacitat - TECUM Arquitectura\",\"isPartOf\":{\"@id\":\"https:\/\/tecumarquitectura.com\/val\/#website\"},\"datePublished\":\"2024-01-25T15:39:55+00:00\",\"dateModified\":\"2024-02-12T20:58:22+00:00\",\"breadcrumb\":{\"@id\":\"https:\/\/tecumarquitectura.com\/val\/politica-de-privacitat\/#breadcrumb\"},\"inLanguage\":\"val\",\"potentialAction\":[{\"@type\":\"ReadAction\",\"target\":[\"https:\/\/tecumarquitectura.com\/val\/politica-de-privacitat\/\"]}]},{\"@type\":\"BreadcrumbList\",\"@id\":\"https:\/\/tecumarquitectura.com\/val\/politica-de-privacitat\/#breadcrumb\",\"itemListElement\":[{\"@type\":\"ListItem\",\"position\":1,\"name\":\"Portada\",\"item\":\"https:\/\/tecumarquitectura.com\/val\/\"},{\"@type\":\"ListItem\",\"position\":2,\"name\":\"Pol\u00edtica de privacitat\"}]},{\"@type\":\"WebSite\",\"@id\":\"https:\/\/tecumarquitectura.com\/val\/#website\",\"url\":\"https:\/\/tecumarquitectura.com\/val\/\",\"name\":\"TECUM Arquitectura\",\"description\":\"\",\"publisher\":{\"@id\":\"https:\/\/tecumarquitectura.com\/val\/#organization\"},\"potentialAction\":[{\"@type\":\"SearchAction\",\"target\":{\"@type\":\"EntryPoint\",\"urlTemplate\":\"https:\/\/tecumarquitectura.com\/val\/?s={search_term_string}\"},\"query-input\":{\"@type\":\"PropertyValueSpecification\",\"valueRequired\":true,\"valueName\":\"search_term_string\"}}],\"inLanguage\":\"val\"},{\"@type\":\"Organization\",\"@id\":\"https:\/\/tecumarquitectura.com\/val\/#organization\",\"name\":\"TECUM Arquitectura\",\"url\":\"https:\/\/tecumarquitectura.com\/val\/\",\"logo\":{\"@type\":\"ImageObject\",\"inLanguage\":\"val\",\"@id\":\"https:\/\/tecumarquitectura.com\/val\/#\/schema\/logo\/image\/\",\"url\":\"https:\/\/tecumarquitectura.com\/wp-content\/uploads\/2024\/01\/tecum-estudio-arquitectura-inicio-logo-blanco.svg\",\"contentUrl\":\"https:\/\/tecumarquitectura.com\/wp-content\/uploads\/2024\/01\/tecum-estudio-arquitectura-inicio-logo-blanco.svg\",\"width\":135,\"height\":84,\"caption\":\"TECUM Arquitectura\"},\"image\":{\"@id\":\"https:\/\/tecumarquitectura.com\/val\/#\/schema\/logo\/image\/\"}}]}<\/script>\n<!-- \/ Yoast SEO plugin. -->","yoast_head_json":{"title":"Pol\u00edtica de privacitat - TECUM Arquitectura","robots":{"index":"index","follow":"follow","max-snippet":"max-snippet:-1","max-image-preview":"max-image-preview:large","max-video-preview":"max-video-preview:-1"},"canonical":"https:\/\/tecumarquitectura.com\/val\/politica-de-privacitat\/","og_locale":"en_US","og_type":"article","og_title":"Pol\u00edtica de privacitat - TECUM Arquitectura","og_description":"1. INFORMACI\u00d3 PER A L\u2019USUARI Qui \u00e9s el responsable del tractament de les teves dades personals? TECUM ARQUITECTURA, SL \u00e9s el RESPONSABLE del tractament de les dades personals de l\u2019USUARI i l\u2019informa que aquestes dades es tractaran de conformitat amb el que estableix el Reglament (UE) 2016\/679, de 27 d\u2019abril (GDPR), i la Llei Org\u00e0nica [&hellip;]","og_url":"https:\/\/tecumarquitectura.com\/val\/politica-de-privacitat\/","og_site_name":"TECUM Arquitectura","article_modified_time":"2024-02-12T20:58:22+00:00","twitter_card":"summary_large_image","twitter_misc":{"Est. reading time":"4 minutes"},"schema":{"@context":"https:\/\/schema.org","@graph":[{"@type":"WebPage","@id":"https:\/\/tecumarquitectura.com\/val\/politica-de-privacitat\/","url":"https:\/\/tecumarquitectura.com\/val\/politica-de-privacitat\/","name":"Pol\u00edtica de privacitat - TECUM Arquitectura","isPartOf":{"@id":"https:\/\/tecumarquitectura.com\/val\/#website"},"datePublished":"2024-01-25T15:39:55+00:00","dateModified":"2024-02-12T20:58:22+00:00","breadcrumb":{"@id":"https:\/\/tecumarquitectura.com\/val\/politica-de-privacitat\/#breadcrumb"},"inLanguage":"val","potentialAction":[{"@type":"ReadAction","target":["https:\/\/tecumarquitectura.com\/val\/politica-de-privacitat\/"]}]},{"@type":"BreadcrumbList","@id":"https:\/\/tecumarquitectura.com\/val\/politica-de-privacitat\/#breadcrumb","itemListElement":[{"@type":"ListItem","position":1,"name":"Portada","item":"https:\/\/tecumarquitectura.com\/val\/"},{"@type":"ListItem","position":2,"name":"Pol\u00edtica de privacitat"}]},{"@type":"WebSite","@id":"https:\/\/tecumarquitectura.com\/val\/#website","url":"https:\/\/tecumarquitectura.com\/val\/","name":"TECUM Arquitectura","description":"","publisher":{"@id":"https:\/\/tecumarquitectura.com\/val\/#organization"},"potentialAction":[{"@type":"SearchAction","target":{"@type":"EntryPoint","urlTemplate":"https:\/\/tecumarquitectura.com\/val\/?s={search_term_string}"},"query-input":{"@type":"PropertyValueSpecification","valueRequired":true,"valueName":"search_term_string"}}],"inLanguage":"val"},{"@type":"Organization","@id":"https:\/\/tecumarquitectura.com\/val\/#organization","name":"TECUM Arquitectura","url":"https:\/\/tecumarquitectura.com\/val\/","logo":{"@type":"ImageObject","inLanguage":"val","@id":"https:\/\/tecumarquitectura.com\/val\/#\/schema\/logo\/image\/","url":"https:\/\/tecumarquitectura.com\/wp-content\/uploads\/2024\/01\/tecum-estudio-arquitectura-inicio-logo-blanco.svg","contentUrl":"https:\/\/tecumarquitectura.com\/wp-content\/uploads\/2024\/01\/tecum-estudio-arquitectura-inicio-logo-blanco.svg","width":135,"height":84,"caption":"TECUM Arquitectura"},"image":{"@id":"https:\/\/tecumarquitectura.com\/val\/#\/schema\/logo\/image\/"}}]}},"jetpack_sharing_enabled":true,"_links":{"self":[{"href":"https:\/\/tecumarquitectura.com\/val\/wp-json\/wp\/v2\/pages\/1676","targetHints":{"allow":["GET"]}}],"collection":[{"href":"https:\/\/tecumarquitectura.com\/val\/wp-json\/wp\/v2\/pages"}],"about":[{"href":"https:\/\/tecumarquitectura.com\/val\/wp-json\/wp\/v2\/types\/page"}],"author":[{"embeddable":true,"href":"https:\/\/tecumarquitectura.com\/val\/wp-json\/wp\/v2\/users\/1"}],"replies":[{"embeddable":true,"href":"https:\/\/tecumarquitectura.com\/val\/wp-json\/wp\/v2\/comments?post=1676"}],"version-history":[{"count":0,"href":"https:\/\/tecumarquitectura.com\/val\/wp-json\/wp\/v2\/pages\/1676\/revisions"}],"wp:attachment":[{"href":"https:\/\/tecumarquitectura.com\/val\/wp-json\/wp\/v2\/media?parent=1676"}],"curies":[{"name":"wp","href":"https:\/\/api.w.org\/{rel}","templated":true}]}}