{"id":1679,"date":"2024-01-25T16:39:03","date_gmt":"2024-01-25T15:39:03","guid":{"rendered":"https:\/\/tecumarquitectura.com\/avis-legal\/"},"modified":"2025-02-20T11:40:03","modified_gmt":"2025-02-20T10:40:03","slug":"avis-legal","status":"publish","type":"page","link":"https:\/\/tecumarquitectura.com\/val\/avis-legal\/","title":{"rendered":"Av\u00eds legal"},"content":{"rendered":"\t\t<div data-elementor-type=\"wp-page\" data-elementor-id=\"1679\" class=\"elementor elementor-1679 elementor-1079\" data-elementor-post-type=\"page\">\n\t\t\t\t<div class=\"elementor-element elementor-element-5d8996c e-flex e-con-boxed e-con e-parent\" data-id=\"5d8996c\" data-element_type=\"container\" data-e-type=\"container\">\n\t\t\t\t\t<div class=\"e-con-inner\">\n\t\t\t\t<div class=\"elementor-element elementor-element-99a94b2 elementor-widget elementor-widget-heading\" data-id=\"99a94b2\" data-element_type=\"widget\" data-e-type=\"widget\" data-widget_type=\"heading.default\">\n\t\t\t\t<div class=\"elementor-widget-container\">\n\t\t\t\t\t<h1 class=\"elementor-heading-title elementor-size-default\">Av\u00eds legal<\/h1>\t\t\t\t<\/div>\n\t\t\t\t<\/div>\n\t\t\t\t<div class=\"elementor-element elementor-element-1842114 elementor-widget elementor-widget-text-editor\" data-id=\"1842114\" data-element_type=\"widget\" data-e-type=\"widget\" data-widget_type=\"text-editor.default\">\n\t\t\t\t<div class=\"elementor-widget-container\">\n\t\t\t\t\t\t\t\t\t<p><strong>LLEI DELS SERVEIS DE LA SOCIETAT DE LA INFORMACI\u00d3 (LSSI)<\/strong><\/p><p>TECUM ARQUITECTURA, SL, responsable del lloc web, d\u2019ara endavant el RESPONSABLE, posa a disposici\u00f3 dels usuaris aquest document, amb el qual pret\u00e9n fer complir les obligacions que estableix la Llei 34\/2002, de 11 de juliol, de Serveis de la Societat de la Informaci\u00f3 i de Comer\u00e7 Electr\u00f2nic (LSSICE), BOE N.\u00ba 166, aix\u00ed com informar tots els usuaris del lloc web sobre quines s\u00f3n les condicions d\u2019\u00fas.<\/p><p>Qualsevol persona que accedeixi a aquest lloc web assumeix el paper d\u2019usuari i es compromet a l\u2019observan\u00e7a i compliment rigor\u00f3s de les disposicions que s\u2019hi estableixen, aix\u00ed com a qualsevol altra disposici\u00f3 legal s\u2019hi apliqui.<\/p><p>TECUM ARQUITECTURA, SL es reserva el dret de modificar qualsevol tipus d\u2019informaci\u00f3 que pugui apar\u00e8ixer al lloc web, sense l\u2019obligaci\u00f3 de preavisar o assabentar els usuaris d\u2019aquestes obligacions, at\u00e8s que es considera suficient la publicaci\u00f3 al lloc web de TECUM ARQUITECTURA, SL.<\/p><p><strong>1.\u00a0 DADES IDENTIFICADORES<\/strong><\/p><ul><li><strong>Nom del domini:<\/strong> www.tecumarquitectura.com Nom comercial: TECUM ARQUITECTURA<\/li><li><strong>Denominaci\u00f3 social:<\/strong> TECUM ARQUITECTURA, SL NIF: B02987287<\/li><li><strong>Domicili social:<\/strong> C\/ SALVADOR, 3 &#8211; 2 A , 46003 VALENCIA (VAL\u00c8NCIA)<\/li><li><strong>Tel\u00e8fon:<\/strong> 960708561<\/li><li><strong>E-mail:<\/strong> info@tecumarquitectura.com<\/li><li><strong>Registro Mercantil de Valencia<\/strong> Tomo 10932, Libro 8210, Folio 197, Secci\u00f3n 8, Hoja V196425, Inscrip. 1<\/li><\/ul><p><strong>2.\u00a0 DRETS DE PROPIETAT INTEL\u00b7LECTUAL I INDUSTRIAL<\/strong><\/p><p>El lloc web, incloent a t\u00edtol enunciatiu per\u00f2 no limitatiu la seva programaci\u00f3, edici\u00f3, compilaci\u00f3 i altres elements necessaris per al seu funcionament, els dissenys, logotips, text i\/o gr\u00e0fics, s\u00f3n propietat del RESPONSABLE o, si \u00e9s el cas, disposa de llic\u00e8ncia o autoritzaci\u00f3 expressa per part dels autors. Tots els continguts del lloc web es troben degudament protegits per la normativa de propietat intel\u00b7lectual i industrial, aix\u00ed com inscrits en els registres p\u00fablics corresponents.<\/p><p>Independentment de la finalitat per a la qual fossin destinats, la reproducci\u00f3 total o parcial, \u00fas, explotaci\u00f3, distribuci\u00f3 i comercialitzaci\u00f3, requereix en tot cas l\u2019autoritzaci\u00f3 escrita pr\u00e8via per part del RESPONSABLE. Qualsevol \u00fas no autoritzat pr\u00e8viament es considera un incompliment greu dels drets de propietat intel\u00b7lectual o industrial de l\u2019autor.<\/p><p>Els dissenys, logotips, text i\/o gr\u00e0fics aliens al RESPONSABLE i que puguin apar\u00e8ixer al lloc web, pertanyen als seus respectius propietaris, els quals s\u00f3n responsables de qualsevol possible controv\u00e8rsia que se\u2019n pugui desprendre. El RESPONSABLE autoritza expressament que tercers puguin redirigir directament als continguts concrets del lloc web, i en tot cas redirigir al lloc web principal de www.tecumarquitectura.com.<\/p><p>El RESPONSABLE reconeix a favor dels seus titulars els corresponents drets de propietat intel\u00b7lectual i industrial, sense implicar el seu sol esment o aparici\u00f3 al lloc web l\u2019exist\u00e8ncia de drets o responsabilitat sobre aquests, ni el suport, patrocini o recomanaci\u00f3 per part del RESPONSABLE.<\/p><p>Per efectuar qualsevol tipus d\u2019observaci\u00f3 pel que fa a possibles incompliments dels drets de propietat intel\u00b7lectual o industrial, aix\u00ed com sobre qualsevol dels continguts del lloc web, podeu fer-ho a trav\u00e9s del correu electr\u00f2nic info@tecumarquitectura.com.<\/p><p><strong>3.\u00a0 EXEMPCI\u00d3 DE RESPONSABILITATS<\/strong><\/p><p>El RESPONSABLE s\u2019eximeix de qualsevol tipus de responsabilitat derivada de la informaci\u00f3 publicada al seu lloc web sempre que no tingui coneixement efectiu que aquesta informaci\u00f3 hagi estat manipulada o introdu\u00efda per un tercer ali\u00e8 a la mateixa o, si ho t\u00e9, hagi actuat amb dilig\u00e8ncia per retirar les dades o fer impossible l\u2019acc\u00e9s a elles.<\/p><p><strong>\u00das de Cookies<\/strong><\/p><p>Pot ser que aquest lloc web utilitzi cookies t\u00e8cniques (petits arxius d\u2019informaci\u00f3 que el servidor envia a l\u2019ordinador de qui accedeix a la p\u00e0gina) per dur a terme determinades funcions que es consideren imprescindibles per al correcte funcionament i visualitzaci\u00f3 del web. Les cookies utilitzades tenen, en qualsevol cas, car\u00e0cter temporal, amb l\u2019\u00fanica finalitat de fer que la navegaci\u00f3 sigui m\u00e9s eficient, i desapareixen en finalitzar la sessi\u00f3 de l\u2019usuari. En cap cas, aquestes cookies proporcionen per si mateixes dades de car\u00e0cter personal i no s\u2019utilitzaran per recollir dades d\u2019aquest tipus.<\/p><p>Mitjan\u00e7ant l\u2019\u00fas de cookies tamb\u00e9 \u00e9s possible que el servidor on es troba la web reconegui el navegador que utilitza l\u2019usuari, amb la finalitat que la navegaci\u00f3 sigui m\u00e9s senzilla, tot permetent, per exemple, l\u2019acc\u00e9s dels usuaris que s\u2019hagin registrat pr\u00e8viament a les \u00e0rees, serveis, promocions o concursos reservats exclusivament a ells sense haver de registrar-se a cada visita. Tamb\u00e9 es poden utilitzar per mesurar l\u2019audi\u00e8ncia, par\u00e0metres de tr\u00e0nsit, controlar el progr\u00e9s i el nombre d\u2019entrades, etc. En aquests casos, les cookies s\u00f3n prescindibles t\u00e8cnicament per\u00f2 beneficioses per a l\u2019usuari. Aquest lloc web no instal\u00b7lar\u00e0 cookies prescindibles sense el consentiment previ de l\u2019usuari.<\/p><p>Utilitzem cookies pr\u00f2pies i de tercers per a finalitats anal\u00edtiques i per mostrar-vos publicitat personalitzada segons un perfil elaborat a partir dels vostres h\u00e0bits de navegaci\u00f3 (per exemple, p\u00e0gines visitades). A tots els usuaris que visiten el web se\u2019ls informa de l\u2019\u00fas d\u2019aquestes cookies mitjan\u00e7ant un banner flotant. En cas d\u2019acceptar-ne l\u2019\u00fas, el banner desapareixer\u00e0, encara que en tot moment podran revocar el consentiment i obtenir m\u00e9s informaci\u00f3 tot consultant la nostra Pol\u00edtica de cookies.<\/p><p>L\u2019usuari t\u00e9 la possibilitat de configurar el seu navegador per ser alertat de la recepci\u00f3 de cookies i per impedir-ne la instal\u00b7laci\u00f3 al seu equip. Si us plau, consulteu les instruccions del vostre navegador per ampliar aquesta informaci\u00f3.<\/p><p><strong>Pol\u00edtica d\u2019enlla\u00e7os<\/strong><\/p><p>Des del lloc web, \u00e9s possible que es redirigeixi a continguts de tercers llocs web. At\u00e8s que el RESPONSABLE no pot controlar sempre els continguts introdu\u00efts per tercers en els seus llocs web respectius, no assumeix cap tipus de responsabilitat respecte d\u2019aquests continguts. En qualsevol cas, retirar\u00e0 immediatament qualsevol contingut que pugui transgredir la legislaci\u00f3 nacional o internacional, la moral o l\u2019ordre p\u00fablic, tot retirant immediatament la redirecci\u00f3 a aquest lloc web i assabentant les autoritats competents del contingut en q\u00fcesti\u00f3.<\/p><p>El RESPONSABLE no es fa responsable de la informaci\u00f3 i continguts emmagatzemats, a t\u00edtol enunciatiu per\u00f2 no limitatiu, a f\u00f2rums, xats, generadors de blogs, comentaris, xarxes socials o qualsevol altre mitj\u00e0 que permeti a tercers publicar continguts de manera independent en la p\u00e0gina web del RESPONSABLE. Aix\u00f2 no obstant, i en compliment del que estableixen als articles 11 i 16 de la LSSICE, es posa a disposici\u00f3 de tots els usuaris, autoritats i forces de seguretat que col\u00b7laboren de manera activa en la retirada o, si escau, bloqueig de tots els continguts que puguin afectar o transgredir la legislaci\u00f3 nacional o internacional, els drets de tercers o la moral i l\u2019ordre p\u00fablic. En cas que l\u2019usuari consideri que el lloc web cont\u00e9 material que pugui ser susceptible d\u2019aquesta classificaci\u00f3, li preguem que ho notifiqui immediatament a l\u2019administrador del lloc web.<\/p><p>Aquest lloc web s\u2019ha revisat i provat perqu\u00e8 funcioni correctament. En principi, es pot garantir que funcionar\u00e0 correctament els 365 dies de l\u2019any i les 24 hores al dia. Aix\u00f2 no obstant, el RESPONSABLE no descarta la possibilitat que es produeixin errors de programaci\u00f3, o que hi tinguin lloc causes de for\u00e7a major, cat\u00e0strofes naturals, vagues o circumst\u00e0ncies similars que facin impossible l\u2019acc\u00e9s a la p\u00e0gina web.<\/p><p><strong>Adreces IP<\/strong><\/p><p>Els servidors del lloc web podran detectar autom\u00e0ticament l\u2019adre\u00e7a IP i el nom del domini utilitzats per l\u2019usuari. Una adre\u00e7a IP \u00e9s un n\u00famero assignat autom\u00e0ticament a un ordinador aix\u00ed que es connecta a Internet. Tota aquesta informaci\u00f3 queda registrada en un fitxer d\u2019activitat del servidor degudament inscrit que permet processar les dades posteriorment per tal d\u2019obtenir mesuratges \u00fanicament estad\u00edstics que permetin con\u00e8ixer el nombre d\u2019impressions de p\u00e0gines, el nombre de visites efectuades als servidors web, l\u2019ordre de visites, el punt d\u2019acc\u00e9s, etc.<\/p><p><strong>4.\u00a0 LLEI APLICABLE I JURISDICCI\u00d3<\/strong><\/p><p>Per a la resoluci\u00f3 de totes les controv\u00e8rsies o q\u00fcestions relacionades amb aquest lloc web o de les activitats que s\u2019hi duen a terme, s\u2019aplicar\u00e0 la legislaci\u00f3 espanyola, a la qual se sotmeten expressament les parts, els quals tindran compet\u00e8ncia suficient per a la resoluci\u00f3 de tots els conflictes derivats o relacionats amb el seu \u00fas els Jutjats i Tribunals del domicili de l\u2019USUARI o el lloc de compliment de l\u2019obligaci\u00f3.<\/p><p>Revisat: Febrer 2024<\/p>\t\t\t\t\t\t\t\t<\/div>\n\t\t\t\t<\/div>\n\t\t\t\t\t<\/div>\n\t\t\t\t<\/div>\n\t\t\t\t<\/div>\n\t\t","protected":false},"excerpt":{"rendered":"<p>LLEI DELS SERVEIS DE LA SOCIETAT DE LA INFORMACI\u00d3 (LSSI) TECUM ARQUITECTURA, SL, responsable del lloc web, d\u2019ara endavant el RESPONSABLE, posa a disposici\u00f3 dels usuaris aquest document, amb el qual pret\u00e9n fer complir les obligacions que estableix la Llei 34\/2002, de 11 de juliol, de Serveis de la Societat de la Informaci\u00f3 i de [&hellip;]<\/p>\n","protected":false},"author":1,"featured_media":0,"parent":0,"menu_order":99,"comment_status":"closed","ping_status":"closed","template":"","meta":{"footnotes":""},"class_list":["post-1679","page","type-page","status-publish","hentry"],"yoast_head":"<!-- This site is optimized with the Yoast SEO plugin v27.1.1 - https:\/\/yoast.com\/product\/yoast-seo-wordpress\/ -->\n<title>Av\u00eds legal - TECUM Arquitectura<\/title>\n<meta name=\"robots\" content=\"index, follow, max-snippet:-1, max-image-preview:large, max-video-preview:-1\" \/>\n<link rel=\"canonical\" href=\"https:\/\/tecumarquitectura.com\/val\/avis-legal\/\" \/>\n<meta property=\"og:locale\" content=\"en_US\" \/>\n<meta property=\"og:type\" content=\"article\" \/>\n<meta property=\"og:title\" content=\"Av\u00eds legal - TECUM Arquitectura\" \/>\n<meta property=\"og:description\" content=\"LLEI DELS SERVEIS DE LA SOCIETAT DE LA INFORMACI\u00d3 (LSSI) TECUM ARQUITECTURA, SL, responsable del lloc web, d\u2019ara endavant el RESPONSABLE, posa a disposici\u00f3 dels usuaris aquest document, amb el qual pret\u00e9n fer complir les obligacions que estableix la Llei 34\/2002, de 11 de juliol, de Serveis de la Societat de la Informaci\u00f3 i de [&hellip;]\" \/>\n<meta property=\"og:url\" content=\"https:\/\/tecumarquitectura.com\/val\/avis-legal\/\" \/>\n<meta property=\"og:site_name\" content=\"TECUM Arquitectura\" \/>\n<meta property=\"article:modified_time\" content=\"2025-02-20T10:40:03+00:00\" \/>\n<meta name=\"twitter:card\" content=\"summary_large_image\" \/>\n<meta name=\"twitter:label1\" content=\"Est. reading time\" \/>\n\t<meta name=\"twitter:data1\" content=\"8 minutes\" \/>\n<script type=\"application\/ld+json\" class=\"yoast-schema-graph\">{\"@context\":\"https:\/\/schema.org\",\"@graph\":[{\"@type\":\"WebPage\",\"@id\":\"https:\/\/tecumarquitectura.com\/val\/avis-legal\/\",\"url\":\"https:\/\/tecumarquitectura.com\/val\/avis-legal\/\",\"name\":\"Av\u00eds legal - TECUM Arquitectura\",\"isPartOf\":{\"@id\":\"https:\/\/tecumarquitectura.com\/val\/#website\"},\"datePublished\":\"2024-01-25T15:39:03+00:00\",\"dateModified\":\"2025-02-20T10:40:03+00:00\",\"breadcrumb\":{\"@id\":\"https:\/\/tecumarquitectura.com\/val\/avis-legal\/#breadcrumb\"},\"inLanguage\":\"val\",\"potentialAction\":[{\"@type\":\"ReadAction\",\"target\":[\"https:\/\/tecumarquitectura.com\/val\/avis-legal\/\"]}]},{\"@type\":\"BreadcrumbList\",\"@id\":\"https:\/\/tecumarquitectura.com\/val\/avis-legal\/#breadcrumb\",\"itemListElement\":[{\"@type\":\"ListItem\",\"position\":1,\"name\":\"Portada\",\"item\":\"https:\/\/tecumarquitectura.com\/val\/\"},{\"@type\":\"ListItem\",\"position\":2,\"name\":\"Av\u00eds legal\"}]},{\"@type\":\"WebSite\",\"@id\":\"https:\/\/tecumarquitectura.com\/val\/#website\",\"url\":\"https:\/\/tecumarquitectura.com\/val\/\",\"name\":\"TECUM Arquitectura\",\"description\":\"\",\"publisher\":{\"@id\":\"https:\/\/tecumarquitectura.com\/val\/#organization\"},\"potentialAction\":[{\"@type\":\"SearchAction\",\"target\":{\"@type\":\"EntryPoint\",\"urlTemplate\":\"https:\/\/tecumarquitectura.com\/val\/?s={search_term_string}\"},\"query-input\":{\"@type\":\"PropertyValueSpecification\",\"valueRequired\":true,\"valueName\":\"search_term_string\"}}],\"inLanguage\":\"val\"},{\"@type\":\"Organization\",\"@id\":\"https:\/\/tecumarquitectura.com\/val\/#organization\",\"name\":\"TECUM Arquitectura\",\"url\":\"https:\/\/tecumarquitectura.com\/val\/\",\"logo\":{\"@type\":\"ImageObject\",\"inLanguage\":\"val\",\"@id\":\"https:\/\/tecumarquitectura.com\/val\/#\/schema\/logo\/image\/\",\"url\":\"https:\/\/tecumarquitectura.com\/wp-content\/uploads\/2024\/01\/tecum-estudio-arquitectura-inicio-logo-blanco.svg\",\"contentUrl\":\"https:\/\/tecumarquitectura.com\/wp-content\/uploads\/2024\/01\/tecum-estudio-arquitectura-inicio-logo-blanco.svg\",\"width\":135,\"height\":84,\"caption\":\"TECUM Arquitectura\"},\"image\":{\"@id\":\"https:\/\/tecumarquitectura.com\/val\/#\/schema\/logo\/image\/\"}}]}<\/script>\n<!-- \/ Yoast SEO plugin. -->","yoast_head_json":{"title":"Av\u00eds legal - TECUM Arquitectura","robots":{"index":"index","follow":"follow","max-snippet":"max-snippet:-1","max-image-preview":"max-image-preview:large","max-video-preview":"max-video-preview:-1"},"canonical":"https:\/\/tecumarquitectura.com\/val\/avis-legal\/","og_locale":"en_US","og_type":"article","og_title":"Av\u00eds legal - TECUM Arquitectura","og_description":"LLEI DELS SERVEIS DE LA SOCIETAT DE LA INFORMACI\u00d3 (LSSI) TECUM ARQUITECTURA, SL, responsable del lloc web, d\u2019ara endavant el RESPONSABLE, posa a disposici\u00f3 dels usuaris aquest document, amb el qual pret\u00e9n fer complir les obligacions que estableix la Llei 34\/2002, de 11 de juliol, de Serveis de la Societat de la Informaci\u00f3 i de [&hellip;]","og_url":"https:\/\/tecumarquitectura.com\/val\/avis-legal\/","og_site_name":"TECUM Arquitectura","article_modified_time":"2025-02-20T10:40:03+00:00","twitter_card":"summary_large_image","twitter_misc":{"Est. reading time":"8 minutes"},"schema":{"@context":"https:\/\/schema.org","@graph":[{"@type":"WebPage","@id":"https:\/\/tecumarquitectura.com\/val\/avis-legal\/","url":"https:\/\/tecumarquitectura.com\/val\/avis-legal\/","name":"Av\u00eds legal - TECUM Arquitectura","isPartOf":{"@id":"https:\/\/tecumarquitectura.com\/val\/#website"},"datePublished":"2024-01-25T15:39:03+00:00","dateModified":"2025-02-20T10:40:03+00:00","breadcrumb":{"@id":"https:\/\/tecumarquitectura.com\/val\/avis-legal\/#breadcrumb"},"inLanguage":"val","potentialAction":[{"@type":"ReadAction","target":["https:\/\/tecumarquitectura.com\/val\/avis-legal\/"]}]},{"@type":"BreadcrumbList","@id":"https:\/\/tecumarquitectura.com\/val\/avis-legal\/#breadcrumb","itemListElement":[{"@type":"ListItem","position":1,"name":"Portada","item":"https:\/\/tecumarquitectura.com\/val\/"},{"@type":"ListItem","position":2,"name":"Av\u00eds legal"}]},{"@type":"WebSite","@id":"https:\/\/tecumarquitectura.com\/val\/#website","url":"https:\/\/tecumarquitectura.com\/val\/","name":"TECUM Arquitectura","description":"","publisher":{"@id":"https:\/\/tecumarquitectura.com\/val\/#organization"},"potentialAction":[{"@type":"SearchAction","target":{"@type":"EntryPoint","urlTemplate":"https:\/\/tecumarquitectura.com\/val\/?s={search_term_string}"},"query-input":{"@type":"PropertyValueSpecification","valueRequired":true,"valueName":"search_term_string"}}],"inLanguage":"val"},{"@type":"Organization","@id":"https:\/\/tecumarquitectura.com\/val\/#organization","name":"TECUM Arquitectura","url":"https:\/\/tecumarquitectura.com\/val\/","logo":{"@type":"ImageObject","inLanguage":"val","@id":"https:\/\/tecumarquitectura.com\/val\/#\/schema\/logo\/image\/","url":"https:\/\/tecumarquitectura.com\/wp-content\/uploads\/2024\/01\/tecum-estudio-arquitectura-inicio-logo-blanco.svg","contentUrl":"https:\/\/tecumarquitectura.com\/wp-content\/uploads\/2024\/01\/tecum-estudio-arquitectura-inicio-logo-blanco.svg","width":135,"height":84,"caption":"TECUM Arquitectura"},"image":{"@id":"https:\/\/tecumarquitectura.com\/val\/#\/schema\/logo\/image\/"}}]}},"jetpack_sharing_enabled":true,"_links":{"self":[{"href":"https:\/\/tecumarquitectura.com\/val\/wp-json\/wp\/v2\/pages\/1679","targetHints":{"allow":["GET"]}}],"collection":[{"href":"https:\/\/tecumarquitectura.com\/val\/wp-json\/wp\/v2\/pages"}],"about":[{"href":"https:\/\/tecumarquitectura.com\/val\/wp-json\/wp\/v2\/types\/page"}],"author":[{"embeddable":true,"href":"https:\/\/tecumarquitectura.com\/val\/wp-json\/wp\/v2\/users\/1"}],"replies":[{"embeddable":true,"href":"https:\/\/tecumarquitectura.com\/val\/wp-json\/wp\/v2\/comments?post=1679"}],"version-history":[{"count":3,"href":"https:\/\/tecumarquitectura.com\/val\/wp-json\/wp\/v2\/pages\/1679\/revisions"}],"predecessor-version":[{"id":2368,"href":"https:\/\/tecumarquitectura.com\/val\/wp-json\/wp\/v2\/pages\/1679\/revisions\/2368"}],"wp:attachment":[{"href":"https:\/\/tecumarquitectura.com\/val\/wp-json\/wp\/v2\/media?parent=1679"}],"curies":[{"name":"wp","href":"https:\/\/api.w.org\/{rel}","templated":true}]}}