{"id":2165,"date":"2024-02-12T16:37:48","date_gmt":"2024-02-12T15:37:48","guid":{"rendered":"https:\/\/tecumarquitectura.com\/consentiment-per-al-tractament-de-dades-personals\/"},"modified":"2024-02-13T10:32:26","modified_gmt":"2024-02-13T09:32:26","slug":"consentiment-per-al-tractament-de-dades-personals","status":"publish","type":"page","link":"https:\/\/tecumarquitectura.com\/val\/consentiment-per-al-tractament-de-dades-personals\/","title":{"rendered":"Consentiment per al tractament de dades personals"},"content":{"rendered":"\t\t<div data-elementor-type=\"wp-page\" data-elementor-id=\"2165\" class=\"elementor elementor-2165 elementor-2153\" data-elementor-post-type=\"page\">\n\t\t\t\t<div class=\"elementor-element elementor-element-52c07203 e-flex e-con-boxed e-con e-parent\" data-id=\"52c07203\" data-element_type=\"container\" data-e-type=\"container\">\n\t\t\t\t\t<div class=\"e-con-inner\">\n\t\t\t\t<div class=\"elementor-element elementor-element-a46cbd9 elementor-widget elementor-widget-heading\" data-id=\"a46cbd9\" data-element_type=\"widget\" data-e-type=\"widget\" data-widget_type=\"heading.default\">\n\t\t\t\t<div class=\"elementor-widget-container\">\n\t\t\t\t\t<h1 class=\"elementor-heading-title elementor-size-default\">Consentiment per al tractament de dades personals<\/h1>\t\t\t\t<\/div>\n\t\t\t\t<\/div>\n\t\t\t\t<div class=\"elementor-element elementor-element-71a1613c elementor-widget elementor-widget-text-editor\" data-id=\"71a1613c\" data-element_type=\"widget\" data-e-type=\"widget\" data-widget_type=\"text-editor.default\">\n\t\t\t\t<div class=\"elementor-widget-container\">\n\t\t\t\t\t\t\t\t\t\n<p><strong>TECUM ARQUITECTURA, SL <\/strong>\u00e9s el Responsable del tractament de les dades personals de l\u2019Usuari i l\u2019informa que aquestes dades es tractaran de conformitat amb el que estableix el Reglament (UE) 2016\/679, de 27 d\u2019abril (GDPR), i la Llei Org\u00e0nica 3\/2018, de 5 de desembre (LOPDGDD), per la qual cosa se li facilita la seg\u00fcent informaci\u00f3 del tractament:&nbsp;<\/p>\n\n\n\n<p><strong>Finalitats i legitimaci\u00f3 del tractament:<\/strong> mantenir una relaci\u00f3 comercial (per inter\u00e8s leg\u00edtim del responsable, art. 6.1.f GDPR) i enviar comunicacions de productes o serveis (amb el consentiment de l\u2019interessat, art. 6.1.a GDPR).&nbsp;<\/p>\n\n\n\n<p><strong>Criteris de conservaci\u00f3 de les dades<\/strong>: es conservaran durant no m\u00e9s temps del necessari per mantenir la finalitat del tractament o mentre hi hagi prescripcions legals que en dictaminin la cust\u00f2dia i quan ja no sigui necessari per a aix\u00f2, se suprimiran amb mesures de seguretat adequades per garantir l\u2019anonimitzaci\u00f3 de les dades o la seva destrucci\u00f3 total.&nbsp;<\/p>\n\n\n\n<p><strong>Comunicaci\u00f3 de les dades:<\/strong> no es comunicaran les dades a tercers, tret que sigui obligaci\u00f3 legal.&nbsp;<\/p>\n\n\n\n<p><strong>Drets que t\u00e9 l\u2019Usuari:<\/strong>&nbsp;<\/p>\n\n\n\n<ul>\n<li>Dret a retirar el consentiment en qualsevol moment.&nbsp;<\/li>\n\n\n\n<li>Dret d\u2019acc\u00e9s, rectificaci\u00f3, portabilitat i supressi\u00f3 de les seves dades i de limitaci\u00f3 o oposici\u00f3 al seu tractament.&nbsp;<\/li>\n\n\n\n<li>Dret a presentar una reclamaci\u00f3 davant l\u2019Autoritat de control (www.aepd.es) si considera que el tractament no s\u2019ajusta a la normativa vigent.&nbsp;<\/li>\n<\/ul>\n\n\n\n<p><strong>Dades de contacte per exercir els seus drets:<\/strong>&nbsp;<\/p>\n\n\n\n<p>TECUM ARQUITECTURA, SL. C\/ SALVADOR, 3 &#8211; 2 A, &#8211; 46003 VALENCIA (Val\u00e8ncia). E-mail:  &nbsp;<\/p>\n\n\n\n<p><a href=\"mailto:info@tecumarquitectura.com\" target=\"_blank\" rel=\"noreferrer noopener\">info@tecumarquitectura.com<\/a>&nbsp;<\/p>\n\t\t\t\t\t\t\t\t<\/div>\n\t\t\t\t<\/div>\n\t\t\t\t\t<\/div>\n\t\t\t\t<\/div>\n\t\t\t\t<\/div>\n\t\t","protected":false},"excerpt":{"rendered":"<p>TECUM ARQUITECTURA, SL \u00e9s el Responsable del tractament de les dades personals de l\u2019Usuari i l\u2019informa que aquestes dades es tractaran de conformitat amb el que estableix el Reglament (UE) 2016\/679, de 27 d\u2019abril (GDPR), i la Llei Org\u00e0nica 3\/2018, de 5 de desembre (LOPDGDD), per la qual cosa se li facilita la seg\u00fcent informaci\u00f3 [&hellip;]<\/p>\n","protected":false},"author":1,"featured_media":0,"parent":0,"menu_order":99,"comment_status":"closed","ping_status":"closed","template":"","meta":{"footnotes":""},"class_list":["post-2165","page","type-page","status-publish","hentry"],"yoast_head":"<!-- This site is optimized with the Yoast SEO plugin v27.1.1 - https:\/\/yoast.com\/product\/yoast-seo-wordpress\/ -->\n<title>Consentiment per al tractament de dades personals - TECUM Arquitectura<\/title>\n<meta name=\"robots\" content=\"index, follow, max-snippet:-1, max-image-preview:large, max-video-preview:-1\" \/>\n<link rel=\"canonical\" href=\"https:\/\/tecumarquitectura.com\/val\/consentiment-per-al-tractament-de-dades-personals\/\" \/>\n<meta property=\"og:locale\" content=\"en_US\" \/>\n<meta property=\"og:type\" content=\"article\" \/>\n<meta property=\"og:title\" content=\"Consentiment per al tractament de dades personals - TECUM Arquitectura\" \/>\n<meta property=\"og:description\" content=\"TECUM ARQUITECTURA, SL \u00e9s el Responsable del tractament de les dades personals de l\u2019Usuari i l\u2019informa que aquestes dades es tractaran de conformitat amb el que estableix el Reglament (UE) 2016\/679, de 27 d\u2019abril (GDPR), i la Llei Org\u00e0nica 3\/2018, de 5 de desembre (LOPDGDD), per la qual cosa se li facilita la seg\u00fcent informaci\u00f3 [&hellip;]\" \/>\n<meta property=\"og:url\" content=\"https:\/\/tecumarquitectura.com\/val\/consentiment-per-al-tractament-de-dades-personals\/\" \/>\n<meta property=\"og:site_name\" content=\"TECUM Arquitectura\" \/>\n<meta property=\"article:modified_time\" content=\"2024-02-13T09:32:26+00:00\" \/>\n<meta name=\"twitter:card\" content=\"summary_large_image\" \/>\n<meta name=\"twitter:label1\" content=\"Est. reading time\" \/>\n\t<meta name=\"twitter:data1\" content=\"1 minute\" \/>\n<script type=\"application\/ld+json\" class=\"yoast-schema-graph\">{\"@context\":\"https:\/\/schema.org\",\"@graph\":[{\"@type\":\"WebPage\",\"@id\":\"https:\/\/tecumarquitectura.com\/val\/consentiment-per-al-tractament-de-dades-personals\/\",\"url\":\"https:\/\/tecumarquitectura.com\/val\/consentiment-per-al-tractament-de-dades-personals\/\",\"name\":\"Consentiment per al tractament de dades personals - TECUM Arquitectura\",\"isPartOf\":{\"@id\":\"https:\/\/tecumarquitectura.com\/val\/#website\"},\"datePublished\":\"2024-02-12T15:37:48+00:00\",\"dateModified\":\"2024-02-13T09:32:26+00:00\",\"breadcrumb\":{\"@id\":\"https:\/\/tecumarquitectura.com\/val\/consentiment-per-al-tractament-de-dades-personals\/#breadcrumb\"},\"inLanguage\":\"val\",\"potentialAction\":[{\"@type\":\"ReadAction\",\"target\":[\"https:\/\/tecumarquitectura.com\/val\/consentiment-per-al-tractament-de-dades-personals\/\"]}]},{\"@type\":\"BreadcrumbList\",\"@id\":\"https:\/\/tecumarquitectura.com\/val\/consentiment-per-al-tractament-de-dades-personals\/#breadcrumb\",\"itemListElement\":[{\"@type\":\"ListItem\",\"position\":1,\"name\":\"Portada\",\"item\":\"https:\/\/tecumarquitectura.com\/val\/\"},{\"@type\":\"ListItem\",\"position\":2,\"name\":\"Consentiment per al tractament de dades personals\"}]},{\"@type\":\"WebSite\",\"@id\":\"https:\/\/tecumarquitectura.com\/val\/#website\",\"url\":\"https:\/\/tecumarquitectura.com\/val\/\",\"name\":\"TECUM Arquitectura\",\"description\":\"\",\"publisher\":{\"@id\":\"https:\/\/tecumarquitectura.com\/val\/#organization\"},\"potentialAction\":[{\"@type\":\"SearchAction\",\"target\":{\"@type\":\"EntryPoint\",\"urlTemplate\":\"https:\/\/tecumarquitectura.com\/val\/?s={search_term_string}\"},\"query-input\":{\"@type\":\"PropertyValueSpecification\",\"valueRequired\":true,\"valueName\":\"search_term_string\"}}],\"inLanguage\":\"val\"},{\"@type\":\"Organization\",\"@id\":\"https:\/\/tecumarquitectura.com\/val\/#organization\",\"name\":\"TECUM Arquitectura\",\"url\":\"https:\/\/tecumarquitectura.com\/val\/\",\"logo\":{\"@type\":\"ImageObject\",\"inLanguage\":\"val\",\"@id\":\"https:\/\/tecumarquitectura.com\/val\/#\/schema\/logo\/image\/\",\"url\":\"https:\/\/tecumarquitectura.com\/wp-content\/uploads\/2024\/01\/tecum-estudio-arquitectura-inicio-logo-blanco.svg\",\"contentUrl\":\"https:\/\/tecumarquitectura.com\/wp-content\/uploads\/2024\/01\/tecum-estudio-arquitectura-inicio-logo-blanco.svg\",\"width\":135,\"height\":84,\"caption\":\"TECUM Arquitectura\"},\"image\":{\"@id\":\"https:\/\/tecumarquitectura.com\/val\/#\/schema\/logo\/image\/\"}}]}<\/script>\n<!-- \/ Yoast SEO plugin. -->","yoast_head_json":{"title":"Consentiment per al tractament de dades personals - TECUM Arquitectura","robots":{"index":"index","follow":"follow","max-snippet":"max-snippet:-1","max-image-preview":"max-image-preview:large","max-video-preview":"max-video-preview:-1"},"canonical":"https:\/\/tecumarquitectura.com\/val\/consentiment-per-al-tractament-de-dades-personals\/","og_locale":"en_US","og_type":"article","og_title":"Consentiment per al tractament de dades personals - TECUM Arquitectura","og_description":"TECUM ARQUITECTURA, SL \u00e9s el Responsable del tractament de les dades personals de l\u2019Usuari i l\u2019informa que aquestes dades es tractaran de conformitat amb el que estableix el Reglament (UE) 2016\/679, de 27 d\u2019abril (GDPR), i la Llei Org\u00e0nica 3\/2018, de 5 de desembre (LOPDGDD), per la qual cosa se li facilita la seg\u00fcent informaci\u00f3 [&hellip;]","og_url":"https:\/\/tecumarquitectura.com\/val\/consentiment-per-al-tractament-de-dades-personals\/","og_site_name":"TECUM Arquitectura","article_modified_time":"2024-02-13T09:32:26+00:00","twitter_card":"summary_large_image","twitter_misc":{"Est. reading time":"1 minute"},"schema":{"@context":"https:\/\/schema.org","@graph":[{"@type":"WebPage","@id":"https:\/\/tecumarquitectura.com\/val\/consentiment-per-al-tractament-de-dades-personals\/","url":"https:\/\/tecumarquitectura.com\/val\/consentiment-per-al-tractament-de-dades-personals\/","name":"Consentiment per al tractament de dades personals - TECUM Arquitectura","isPartOf":{"@id":"https:\/\/tecumarquitectura.com\/val\/#website"},"datePublished":"2024-02-12T15:37:48+00:00","dateModified":"2024-02-13T09:32:26+00:00","breadcrumb":{"@id":"https:\/\/tecumarquitectura.com\/val\/consentiment-per-al-tractament-de-dades-personals\/#breadcrumb"},"inLanguage":"val","potentialAction":[{"@type":"ReadAction","target":["https:\/\/tecumarquitectura.com\/val\/consentiment-per-al-tractament-de-dades-personals\/"]}]},{"@type":"BreadcrumbList","@id":"https:\/\/tecumarquitectura.com\/val\/consentiment-per-al-tractament-de-dades-personals\/#breadcrumb","itemListElement":[{"@type":"ListItem","position":1,"name":"Portada","item":"https:\/\/tecumarquitectura.com\/val\/"},{"@type":"ListItem","position":2,"name":"Consentiment per al tractament de dades personals"}]},{"@type":"WebSite","@id":"https:\/\/tecumarquitectura.com\/val\/#website","url":"https:\/\/tecumarquitectura.com\/val\/","name":"TECUM Arquitectura","description":"","publisher":{"@id":"https:\/\/tecumarquitectura.com\/val\/#organization"},"potentialAction":[{"@type":"SearchAction","target":{"@type":"EntryPoint","urlTemplate":"https:\/\/tecumarquitectura.com\/val\/?s={search_term_string}"},"query-input":{"@type":"PropertyValueSpecification","valueRequired":true,"valueName":"search_term_string"}}],"inLanguage":"val"},{"@type":"Organization","@id":"https:\/\/tecumarquitectura.com\/val\/#organization","name":"TECUM Arquitectura","url":"https:\/\/tecumarquitectura.com\/val\/","logo":{"@type":"ImageObject","inLanguage":"val","@id":"https:\/\/tecumarquitectura.com\/val\/#\/schema\/logo\/image\/","url":"https:\/\/tecumarquitectura.com\/wp-content\/uploads\/2024\/01\/tecum-estudio-arquitectura-inicio-logo-blanco.svg","contentUrl":"https:\/\/tecumarquitectura.com\/wp-content\/uploads\/2024\/01\/tecum-estudio-arquitectura-inicio-logo-blanco.svg","width":135,"height":84,"caption":"TECUM Arquitectura"},"image":{"@id":"https:\/\/tecumarquitectura.com\/val\/#\/schema\/logo\/image\/"}}]}},"jetpack_sharing_enabled":true,"_links":{"self":[{"href":"https:\/\/tecumarquitectura.com\/val\/wp-json\/wp\/v2\/pages\/2165","targetHints":{"allow":["GET"]}}],"collection":[{"href":"https:\/\/tecumarquitectura.com\/val\/wp-json\/wp\/v2\/pages"}],"about":[{"href":"https:\/\/tecumarquitectura.com\/val\/wp-json\/wp\/v2\/types\/page"}],"author":[{"embeddable":true,"href":"https:\/\/tecumarquitectura.com\/val\/wp-json\/wp\/v2\/users\/1"}],"replies":[{"embeddable":true,"href":"https:\/\/tecumarquitectura.com\/val\/wp-json\/wp\/v2\/comments?post=2165"}],"version-history":[{"count":0,"href":"https:\/\/tecumarquitectura.com\/val\/wp-json\/wp\/v2\/pages\/2165\/revisions"}],"wp:attachment":[{"href":"https:\/\/tecumarquitectura.com\/val\/wp-json\/wp\/v2\/media?parent=2165"}],"curies":[{"name":"wp","href":"https:\/\/api.w.org\/{rel}","templated":true}]}}